{"id":61,"date":"2021-07-28T13:21:53","date_gmt":"2021-07-28T17:21:53","guid":{"rendered":"https:\/\/www-new2022.chezcora.com\/?page_id=61"},"modified":"2021-11-22T19:03:42","modified_gmt":"2021-11-23T00:03:42","slug":"about","status":"publish","type":"page","link":"https:\/\/www.chezcora.com\/en\/about\/","title":{"rendered":"About Cora restaurants"},"content":{"rendered":"","protected":false},"excerpt":{"rendered":"","protected":false},"author":1,"featured_media":0,"parent":0,"menu_order":0,"comment_status":"closed","ping_status":"closed","template":"","meta":{"_acf_changed":false,"footnotes":""},"class_list":["post-61","page","type-page","status-publish","hentry"],"acf":[],"yoast_head":"<!-- This site is optimized with the Yoast SEO plugin v27.2 - https:\/\/yoast.com\/product\/yoast-seo-wordpress\/ -->\n<title>\u00c0 propos des restaurants Cora &#8211; Cora D\u00e9jeuners et d\u00eeners<\/title>\n<meta name=\"description\" content=\"D\u00e9couvrez les ingr\u00e9dients qui composent la philosophie, l\u2019histoire et l\u2019engagement des restaurants Cora et de sa fondatrice, Cora Tsouflidou.\" \/>\n<meta name=\"robots\" content=\"index, follow, max-snippet:-1, max-image-preview:large, max-video-preview:-1\" \/>\n<link rel=\"canonical\" href=\"https:\/\/www.chezcora.com\/en\/about\/\" \/>\n<meta property=\"og:locale\" content=\"en_US\" \/>\n<meta property=\"og:type\" content=\"article\" \/>\n<meta property=\"og:title\" content=\"\u00c0 propos des restaurants Cora &#8211; Cora D\u00e9jeuners et d\u00eeners\" \/>\n<meta property=\"og:description\" content=\"D\u00e9couvrez les ingr\u00e9dients qui composent la philosophie, l\u2019histoire et l\u2019engagement des restaurants Cora et de sa fondatrice, Cora Tsouflidou.\" \/>\n<meta property=\"og:url\" content=\"https:\/\/www.chezcora.com\/en\/about\/\" \/>\n<meta property=\"og:site_name\" content=\"Cora D\u00e9jeuners et d\u00eeners\" \/>\n<meta property=\"article:publisher\" content=\"https:\/\/www.facebook.com\/corarestaurants\" \/>\n<meta property=\"article:modified_time\" content=\"2021-11-23T00:03:42+00:00\" \/>\n<meta property=\"og:image\" content=\"https:\/\/e3b2rn3eqfa.exactdn.com\/wp-content\/uploads\/2022\/02\/cora-twitter-card-tag.jpg?strip=all\" \/>\n\t<meta property=\"og:image:width\" content=\"1920\" \/>\n\t<meta property=\"og:image:height\" content=\"1008\" \/>\n\t<meta property=\"og:image:type\" content=\"image\/jpeg\" \/>\n<meta name=\"twitter:card\" content=\"summary_large_image\" \/>\n<meta name=\"twitter:site\" content=\"@CoraRestaurants\" \/>\n<script type=\"application\/ld+json\" class=\"yoast-schema-graph\">{\"@context\":\"https:\/\/schema.org\",\"@graph\":[{\"@type\":\"WebPage\",\"@id\":\"https:\/\/www.chezcora.com\/a-propos\/\",\"url\":\"https:\/\/www.chezcora.com\/a-propos\/\",\"name\":\"\u00c0 propos des restaurants Cora &#8211; Cora D\u00e9jeuners et d\u00eeners\",\"isPartOf\":{\"@id\":\"https:\/\/www.chezcora.com\/#website\"},\"datePublished\":\"2021-07-28T17:21:53+00:00\",\"dateModified\":\"2021-11-23T00:03:42+00:00\",\"description\":\"D\u00e9couvrez les ingr\u00e9dients qui composent la philosophie, l\u2019histoire et l\u2019engagement des restaurants Cora et de sa fondatrice, Cora Tsouflidou.\",\"inLanguage\":\"en-CA\",\"potentialAction\":[{\"@type\":\"ReadAction\",\"target\":[\"https:\/\/www.chezcora.com\/a-propos\/\"]}]},{\"@type\":\"WebSite\",\"@id\":\"https:\/\/www.chezcora.com\/#website\",\"url\":\"https:\/\/www.chezcora.com\/\",\"name\":\"Cora D\u00e9jeuners et d\u00eeners\",\"description\":\"D\u00e9jeuners spectaculaires livr\u00e9s \u00e0 votre domicile\",\"potentialAction\":[{\"@type\":\"SearchAction\",\"target\":{\"@type\":\"EntryPoint\",\"urlTemplate\":\"https:\/\/www.chezcora.com\/?s={search_term_string}\"},\"query-input\":{\"@type\":\"PropertyValueSpecification\",\"valueRequired\":true,\"valueName\":\"search_term_string\"}}],\"inLanguage\":\"en-CA\"}]}<\/script>\n<!-- \/ Yoast SEO plugin. -->","yoast_head_json":{"title":"\u00c0 propos des restaurants Cora &#8211; Cora D\u00e9jeuners et d\u00eeners","description":"D\u00e9couvrez les ingr\u00e9dients qui composent la philosophie, l\u2019histoire et l\u2019engagement des restaurants Cora et de sa fondatrice, Cora Tsouflidou.","robots":{"index":"index","follow":"follow","max-snippet":"max-snippet:-1","max-image-preview":"max-image-preview:large","max-video-preview":"max-video-preview:-1"},"canonical":"https:\/\/www.chezcora.com\/en\/about\/","og_locale":"en_US","og_type":"article","og_title":"\u00c0 propos des restaurants Cora &#8211; Cora D\u00e9jeuners et d\u00eeners","og_description":"D\u00e9couvrez les ingr\u00e9dients qui composent la philosophie, l\u2019histoire et l\u2019engagement des restaurants Cora et de sa fondatrice, Cora Tsouflidou.","og_url":"https:\/\/www.chezcora.com\/en\/about\/","og_site_name":"Cora D\u00e9jeuners et d\u00eeners","article_publisher":"https:\/\/www.facebook.com\/corarestaurants","article_modified_time":"2021-11-23T00:03:42+00:00","og_image":[{"width":1920,"height":1008,"url":"https:\/\/e3b2rn3eqfa.exactdn.com\/wp-content\/uploads\/2022\/02\/cora-twitter-card-tag.jpg?strip=all","type":"image\/jpeg"}],"twitter_card":"summary_large_image","twitter_site":"@CoraRestaurants","schema":{"@context":"https:\/\/schema.org","@graph":[{"@type":"WebPage","@id":"https:\/\/www.chezcora.com\/a-propos\/","url":"https:\/\/www.chezcora.com\/a-propos\/","name":"\u00c0 propos des restaurants Cora &#8211; Cora D\u00e9jeuners et d\u00eeners","isPartOf":{"@id":"https:\/\/www.chezcora.com\/#website"},"datePublished":"2021-07-28T17:21:53+00:00","dateModified":"2021-11-23T00:03:42+00:00","description":"D\u00e9couvrez les ingr\u00e9dients qui composent la philosophie, l\u2019histoire et l\u2019engagement des restaurants Cora et de sa fondatrice, Cora Tsouflidou.","inLanguage":"en-CA","potentialAction":[{"@type":"ReadAction","target":["https:\/\/www.chezcora.com\/a-propos\/"]}]},{"@type":"WebSite","@id":"https:\/\/www.chezcora.com\/#website","url":"https:\/\/www.chezcora.com\/","name":"Cora Breakfast and Lunch","description":"D\u00e9jeuners spectaculaires livr\u00e9s \u00e0 votre domicile","potentialAction":[{"@type":"SearchAction","target":{"@type":"EntryPoint","urlTemplate":"https:\/\/www.chezcora.com\/?s={search_term_string}"},"query-input":{"@type":"PropertyValueSpecification","valueRequired":true,"valueName":"search_term_string"}}],"inLanguage":"en-CA"}]}},"_links":{"self":[{"href":"https:\/\/www.chezcora.com\/en\/wp-json\/wp\/v2\/pages\/61","targetHints":{"allow":["GET"]}}],"collection":[{"href":"https:\/\/www.chezcora.com\/en\/wp-json\/wp\/v2\/pages"}],"about":[{"href":"https:\/\/www.chezcora.com\/en\/wp-json\/wp\/v2\/types\/page"}],"author":[{"embeddable":true,"href":"https:\/\/www.chezcora.com\/en\/wp-json\/wp\/v2\/users\/1"}],"replies":[{"embeddable":true,"href":"https:\/\/www.chezcora.com\/en\/wp-json\/wp\/v2\/comments?post=61"}],"version-history":[{"count":0,"href":"https:\/\/www.chezcora.com\/en\/wp-json\/wp\/v2\/pages\/61\/revisions"}],"wp:attachment":[{"href":"https:\/\/www.chezcora.com\/en\/wp-json\/wp\/v2\/media?parent=61"}],"curies":[{"name":"wp","href":"https:\/\/api.w.org\/{rel}","templated":true}]}}