{"id":65,"date":"2021-07-28T13:23:32","date_gmt":"2021-07-28T17:23:32","guid":{"rendered":"https:\/\/www-new2022.chezcora.com\/?page_id=65"},"modified":"2022-11-30T13:28:05","modified_gmt":"2022-11-30T18:28:05","slug":"history","status":"publish","type":"page","link":"https:\/\/www.chezcora.com\/en\/about\/history\/","title":{"rendered":"Our history"},"content":{"rendered":"<h2 class=\"wp-block-heading\">Our history<\/h2>\r\n<h3>The spark that became a sun<\/h3>\r\n\r\n\r\n\r\n<p>Who would have known that a modest dinner of 29 seats would serve, half a century  later, more than 250 000 breakfasts each week?<\/p>","protected":false},"excerpt":{"rendered":"<p>Notre histoire Une \u00e9tincelle devenue soleil Qui aurait cru qu\u2019un modeste casse-cro\u00fbte [&hellip;]<\/p>","protected":false},"author":1,"featured_media":1936,"parent":61,"menu_order":1,"comment_status":"closed","ping_status":"closed","template":"","meta":{"_acf_changed":false,"footnotes":""},"class_list":["post-65","page","type-page","status-publish","has-post-thumbnail","hentry"],"acf":[],"yoast_head":"<!-- This site is optimized with the Yoast SEO plugin v27.2 - https:\/\/yoast.com\/product\/yoast-seo-wordpress\/ -->\n<title>L\u2019histoire des restaurants Cora &#8211; Cora D\u00e9jeuners et d\u00eeners<\/title>\n<meta name=\"description\" content=\"Qui aurait cru qu\u2019un modeste casse-cro\u00fbte de 29 places servirait, un quart de si\u00e8cle plus tard, plus de 250 000 d\u00e9jeuners chaque semaine?\" \/>\n<meta name=\"robots\" content=\"index, follow, max-snippet:-1, max-image-preview:large, max-video-preview:-1\" \/>\n<link rel=\"canonical\" href=\"https:\/\/www.chezcora.com\/en\/about\/history\/\" \/>\n<meta property=\"og:locale\" content=\"en_US\" \/>\n<meta property=\"og:type\" content=\"article\" \/>\n<meta property=\"og:title\" content=\"L\u2019histoire des restaurants Cora &#8211; Cora D\u00e9jeuners et d\u00eeners\" \/>\n<meta property=\"og:description\" content=\"Qui aurait cru qu\u2019un modeste casse-cro\u00fbte de 29 places servirait, un quart de si\u00e8cle plus tard, plus de 250 000 d\u00e9jeuners chaque semaine?\" \/>\n<meta property=\"og:url\" content=\"https:\/\/www.chezcora.com\/en\/about\/history\/\" \/>\n<meta property=\"og:site_name\" content=\"Cora D\u00e9jeuners et d\u00eeners\" \/>\n<meta property=\"article:publisher\" content=\"https:\/\/www.facebook.com\/corarestaurants\" \/>\n<meta property=\"article:modified_time\" content=\"2022-11-30T18:28:05+00:00\" \/>\n<meta property=\"og:image\" content=\"https:\/\/www.chezcora.com\/wp-content\/uploads\/2022\/01\/Notrehistoire.jpg\" \/>\n\t<meta property=\"og:image:width\" content=\"2400\" \/>\n\t<meta property=\"og:image:height\" content=\"1602\" \/>\n\t<meta property=\"og:image:type\" content=\"image\/jpeg\" \/>\n<meta name=\"twitter:card\" content=\"summary_large_image\" \/>\n<meta name=\"twitter:site\" content=\"@CoraRestaurants\" \/>\n<meta name=\"twitter:label1\" content=\"Est. reading time\" \/>\n\t<meta name=\"twitter:data1\" content=\"1 minute\" \/>\n<script type=\"application\/ld+json\" class=\"yoast-schema-graph\">{\"@context\":\"https:\/\/schema.org\",\"@graph\":[{\"@type\":\"WebPage\",\"@id\":\"https:\/\/www.chezcora.com\/a-propos\/histoire\/\",\"url\":\"https:\/\/www.chezcora.com\/a-propos\/histoire\/\",\"name\":\"L\u2019histoire des restaurants Cora &#8211; Cora D\u00e9jeuners et d\u00eeners\",\"isPartOf\":{\"@id\":\"https:\/\/www.chezcora.com\/#website\"},\"primaryImageOfPage\":{\"@id\":\"https:\/\/www.chezcora.com\/a-propos\/histoire\/#primaryimage\"},\"image\":{\"@id\":\"https:\/\/www.chezcora.com\/a-propos\/histoire\/#primaryimage\"},\"thumbnailUrl\":\"https:\/\/e3b2rn3eqfa.exactdn.com\/wp-content\/uploads\/2022\/01\/Notrehistoire.jpg?strip=all\",\"datePublished\":\"2021-07-28T17:23:32+00:00\",\"dateModified\":\"2022-11-30T18:28:05+00:00\",\"description\":\"Qui aurait cru qu\u2019un modeste casse-cro\u00fbte de 29 places servirait, un quart de si\u00e8cle plus tard, plus de 250 000 d\u00e9jeuners chaque semaine?\",\"breadcrumb\":{\"@id\":\"https:\/\/www.chezcora.com\/a-propos\/histoire\/#breadcrumb\"},\"inLanguage\":\"en-CA\",\"potentialAction\":[{\"@type\":\"ReadAction\",\"target\":[\"https:\/\/www.chezcora.com\/a-propos\/histoire\/\"]}]},{\"@type\":\"ImageObject\",\"inLanguage\":\"en-CA\",\"@id\":\"https:\/\/www.chezcora.com\/a-propos\/histoire\/#primaryimage\",\"url\":\"https:\/\/e3b2rn3eqfa.exactdn.com\/wp-content\/uploads\/2022\/01\/Notrehistoire.jpg?strip=all\",\"contentUrl\":\"https:\/\/e3b2rn3eqfa.exactdn.com\/wp-content\/uploads\/2022\/01\/Notrehistoire.jpg?strip=all\",\"width\":1618,\"height\":1080},{\"@type\":\"BreadcrumbList\",\"@id\":\"https:\/\/www.chezcora.com\/a-propos\/histoire\/#breadcrumb\",\"itemListElement\":[{\"@type\":\"ListItem\",\"position\":1,\"name\":\"\u00c0 propos des restaurants Cora\",\"item\":\"https:\/\/www.chezcora.com\/a-propos\/\"},{\"@type\":\"ListItem\",\"position\":2,\"name\":\"Notre histoire\"}]},{\"@type\":\"WebSite\",\"@id\":\"https:\/\/www.chezcora.com\/#website\",\"url\":\"https:\/\/www.chezcora.com\/\",\"name\":\"Cora D\u00e9jeuners et d\u00eeners\",\"description\":\"D\u00e9jeuners spectaculaires livr\u00e9s \u00e0 votre domicile\",\"potentialAction\":[{\"@type\":\"SearchAction\",\"target\":{\"@type\":\"EntryPoint\",\"urlTemplate\":\"https:\/\/www.chezcora.com\/?s={search_term_string}\"},\"query-input\":{\"@type\":\"PropertyValueSpecification\",\"valueRequired\":true,\"valueName\":\"search_term_string\"}}],\"inLanguage\":\"en-CA\"}]}<\/script>\n<!-- \/ Yoast SEO plugin. -->","yoast_head_json":{"title":"L\u2019histoire des restaurants Cora &#8211; Cora D\u00e9jeuners et d\u00eeners","description":"Qui aurait cru qu\u2019un modeste casse-cro\u00fbte de 29 places servirait, un quart de si\u00e8cle plus tard, plus de 250 000 d\u00e9jeuners chaque semaine?","robots":{"index":"index","follow":"follow","max-snippet":"max-snippet:-1","max-image-preview":"max-image-preview:large","max-video-preview":"max-video-preview:-1"},"canonical":"https:\/\/www.chezcora.com\/en\/about\/history\/","og_locale":"en_US","og_type":"article","og_title":"L\u2019histoire des restaurants Cora &#8211; Cora D\u00e9jeuners et d\u00eeners","og_description":"Qui aurait cru qu\u2019un modeste casse-cro\u00fbte de 29 places servirait, un quart de si\u00e8cle plus tard, plus de 250 000 d\u00e9jeuners chaque semaine?","og_url":"https:\/\/www.chezcora.com\/en\/about\/history\/","og_site_name":"Cora D\u00e9jeuners et d\u00eeners","article_publisher":"https:\/\/www.facebook.com\/corarestaurants","article_modified_time":"2022-11-30T18:28:05+00:00","og_image":[{"width":2400,"height":1602,"url":"https:\/\/www.chezcora.com\/wp-content\/uploads\/2022\/01\/Notrehistoire.jpg","type":"image\/jpeg"}],"twitter_card":"summary_large_image","twitter_site":"@CoraRestaurants","twitter_misc":{"Est. reading time":"1 minute"},"schema":{"@context":"https:\/\/schema.org","@graph":[{"@type":"WebPage","@id":"https:\/\/www.chezcora.com\/a-propos\/histoire\/","url":"https:\/\/www.chezcora.com\/a-propos\/histoire\/","name":"L\u2019histoire des restaurants Cora &#8211; Cora D\u00e9jeuners et d\u00eeners","isPartOf":{"@id":"https:\/\/www.chezcora.com\/#website"},"primaryImageOfPage":{"@id":"https:\/\/www.chezcora.com\/a-propos\/histoire\/#primaryimage"},"image":{"@id":"https:\/\/www.chezcora.com\/a-propos\/histoire\/#primaryimage"},"thumbnailUrl":"https:\/\/e3b2rn3eqfa.exactdn.com\/wp-content\/uploads\/2022\/01\/Notrehistoire.jpg?strip=all","datePublished":"2021-07-28T17:23:32+00:00","dateModified":"2022-11-30T18:28:05+00:00","description":"Qui aurait cru qu\u2019un modeste casse-cro\u00fbte de 29 places servirait, un quart de si\u00e8cle plus tard, plus de 250 000 d\u00e9jeuners chaque semaine?","breadcrumb":{"@id":"https:\/\/www.chezcora.com\/a-propos\/histoire\/#breadcrumb"},"inLanguage":"en-CA","potentialAction":[{"@type":"ReadAction","target":["https:\/\/www.chezcora.com\/a-propos\/histoire\/"]}]},{"@type":"ImageObject","inLanguage":"en-CA","@id":"https:\/\/www.chezcora.com\/a-propos\/histoire\/#primaryimage","url":"https:\/\/e3b2rn3eqfa.exactdn.com\/wp-content\/uploads\/2022\/01\/Notrehistoire.jpg?strip=all","contentUrl":"https:\/\/e3b2rn3eqfa.exactdn.com\/wp-content\/uploads\/2022\/01\/Notrehistoire.jpg?strip=all","width":1618,"height":1080},{"@type":"BreadcrumbList","@id":"https:\/\/www.chezcora.com\/a-propos\/histoire\/#breadcrumb","itemListElement":[{"@type":"ListItem","position":1,"name":"\u00c0 propos des restaurants Cora","item":"https:\/\/www.chezcora.com\/a-propos\/"},{"@type":"ListItem","position":2,"name":"Notre histoire"}]},{"@type":"WebSite","@id":"https:\/\/www.chezcora.com\/#website","url":"https:\/\/www.chezcora.com\/","name":"Cora Breakfast and Lunch","description":"D\u00e9jeuners spectaculaires livr\u00e9s \u00e0 votre domicile","potentialAction":[{"@type":"SearchAction","target":{"@type":"EntryPoint","urlTemplate":"https:\/\/www.chezcora.com\/?s={search_term_string}"},"query-input":{"@type":"PropertyValueSpecification","valueRequired":true,"valueName":"search_term_string"}}],"inLanguage":"en-CA"}]}},"_links":{"self":[{"href":"https:\/\/www.chezcora.com\/en\/wp-json\/wp\/v2\/pages\/65","targetHints":{"allow":["GET"]}}],"collection":[{"href":"https:\/\/www.chezcora.com\/en\/wp-json\/wp\/v2\/pages"}],"about":[{"href":"https:\/\/www.chezcora.com\/en\/wp-json\/wp\/v2\/types\/page"}],"author":[{"embeddable":true,"href":"https:\/\/www.chezcora.com\/en\/wp-json\/wp\/v2\/users\/1"}],"replies":[{"embeddable":true,"href":"https:\/\/www.chezcora.com\/en\/wp-json\/wp\/v2\/comments?post=65"}],"version-history":[{"count":0,"href":"https:\/\/www.chezcora.com\/en\/wp-json\/wp\/v2\/pages\/65\/revisions"}],"up":[{"embeddable":true,"href":"https:\/\/www.chezcora.com\/en\/wp-json\/wp\/v2\/pages\/61"}],"wp:featuredmedia":[{"embeddable":true,"href":"https:\/\/www.chezcora.com\/en\/wp-json\/wp\/v2\/media\/1936"}],"wp:attachment":[{"href":"https:\/\/www.chezcora.com\/en\/wp-json\/wp\/v2\/media?parent=65"}],"curies":[{"name":"wp","href":"https:\/\/api.w.org\/{rel}","templated":true}]}}