{"id":71,"date":"2021-07-28T13:24:58","date_gmt":"2021-07-28T17:24:58","guid":{"rendered":"https:\/\/www-new2022.chezcora.com\/?page_id=71"},"modified":"2021-12-14T13:24:55","modified_gmt":"2021-12-14T18:24:55","slug":"newsletter","status":"publish","type":"page","link":"https:\/\/www.chezcora.com\/en\/newsletter\/","title":{"rendered":"Cora newsletter"},"content":{"rendered":"<h2>Sign up for our newsletter<\/h2>\n<p>Stay on top of the latest Cora deals, contests and new offers, plus get great benefits that only subscribers enjoy.<\/p>","protected":false},"excerpt":{"rendered":"<p>Abonnez-vous \u00e0 notre infolettre Restez \u00e0 l'aff\u00fbt des promotions, concours et nouveaut\u00e9s [&hellip;]<\/p>","protected":false},"author":1,"featured_media":1335,"parent":0,"menu_order":0,"comment_status":"closed","ping_status":"closed","template":"","meta":{"_acf_changed":false,"footnotes":""},"class_list":["post-71","page","type-page","status-publish","has-post-thumbnail","hentry"],"acf":[],"yoast_head":"<!-- This site is optimized with the Yoast SEO plugin v27.2 - https:\/\/yoast.com\/product\/yoast-seo-wordpress\/ -->\n<title>L&#039;infolettre Cora &#8211; Cora D\u00e9jeuners et d\u00eeners<\/title>\n<meta name=\"description\" content=\"Restez \u00e0 l&#039;aff\u00fbt des promotions, concours et nouveaut\u00e9s Cora en vous abonnant \u00e0 notre infolettre.\" \/>\n<meta name=\"robots\" content=\"index, follow, max-snippet:-1, max-image-preview:large, max-video-preview:-1\" \/>\n<link rel=\"canonical\" href=\"https:\/\/www.chezcora.com\/en\/newsletter\/\" \/>\n<meta property=\"og:locale\" content=\"en_US\" \/>\n<meta property=\"og:type\" content=\"article\" \/>\n<meta property=\"og:title\" content=\"L&#039;infolettre Cora &#8211; Cora D\u00e9jeuners et d\u00eeners\" \/>\n<meta property=\"og:description\" content=\"Restez \u00e0 l&#039;aff\u00fbt des promotions, concours et nouveaut\u00e9s Cora en vous abonnant \u00e0 notre infolettre.\" \/>\n<meta property=\"og:url\" content=\"https:\/\/www.chezcora.com\/en\/newsletter\/\" \/>\n<meta property=\"og:site_name\" content=\"Cora D\u00e9jeuners et d\u00eeners\" \/>\n<meta property=\"article:publisher\" content=\"https:\/\/www.facebook.com\/corarestaurants\" \/>\n<meta property=\"article:modified_time\" content=\"2021-12-14T18:24:55+00:00\" \/>\n<meta property=\"og:image\" content=\"https:\/\/e3b2rn3eqfa.exactdn.com\/wp-content\/uploads\/2021\/11\/cora-infolettre.jpg?strip=all&lossy=0&ssl=1\" \/>\n\t<meta property=\"og:image:width\" content=\"1920\" \/>\n\t<meta property=\"og:image:height\" content=\"762\" \/>\n\t<meta property=\"og:image:type\" content=\"image\/jpeg\" \/>\n<meta name=\"twitter:card\" content=\"summary_large_image\" \/>\n<meta name=\"twitter:site\" content=\"@CoraRestaurants\" \/>\n<meta name=\"twitter:label1\" content=\"Est. reading time\" \/>\n\t<meta name=\"twitter:data1\" content=\"1 minute\" \/>\n<script type=\"application\/ld+json\" class=\"yoast-schema-graph\">{\"@context\":\"https:\/\/schema.org\",\"@graph\":[{\"@type\":\"WebPage\",\"@id\":\"https:\/\/www.chezcora.com\/infolettre\/\",\"url\":\"https:\/\/www.chezcora.com\/infolettre\/\",\"name\":\"L'infolettre Cora &#8211; Cora D\u00e9jeuners et d\u00eeners\",\"isPartOf\":{\"@id\":\"https:\/\/www.chezcora.com\/#website\"},\"primaryImageOfPage\":{\"@id\":\"https:\/\/www.chezcora.com\/infolettre\/#primaryimage\"},\"image\":{\"@id\":\"https:\/\/www.chezcora.com\/infolettre\/#primaryimage\"},\"thumbnailUrl\":\"https:\/\/e3b2rn3eqfa.exactdn.com\/wp-content\/uploads\/2021\/11\/cora-infolettre.jpg?strip=all\",\"datePublished\":\"2021-07-28T17:24:58+00:00\",\"dateModified\":\"2021-12-14T18:24:55+00:00\",\"description\":\"Restez \u00e0 l'aff\u00fbt des promotions, concours et nouveaut\u00e9s Cora en vous abonnant \u00e0 notre infolettre.\",\"inLanguage\":\"en-CA\",\"potentialAction\":[{\"@type\":\"ReadAction\",\"target\":[\"https:\/\/www.chezcora.com\/infolettre\/\"]}]},{\"@type\":\"ImageObject\",\"inLanguage\":\"en-CA\",\"@id\":\"https:\/\/www.chezcora.com\/infolettre\/#primaryimage\",\"url\":\"https:\/\/e3b2rn3eqfa.exactdn.com\/wp-content\/uploads\/2021\/11\/cora-infolettre.jpg?strip=all\",\"contentUrl\":\"https:\/\/e3b2rn3eqfa.exactdn.com\/wp-content\/uploads\/2021\/11\/cora-infolettre.jpg?strip=all\",\"width\":1920,\"height\":762},{\"@type\":\"WebSite\",\"@id\":\"https:\/\/www.chezcora.com\/#website\",\"url\":\"https:\/\/www.chezcora.com\/\",\"name\":\"Cora D\u00e9jeuners et d\u00eeners\",\"description\":\"D\u00e9jeuners spectaculaires livr\u00e9s \u00e0 votre domicile\",\"potentialAction\":[{\"@type\":\"SearchAction\",\"target\":{\"@type\":\"EntryPoint\",\"urlTemplate\":\"https:\/\/www.chezcora.com\/?s={search_term_string}\"},\"query-input\":{\"@type\":\"PropertyValueSpecification\",\"valueRequired\":true,\"valueName\":\"search_term_string\"}}],\"inLanguage\":\"en-CA\"}]}<\/script>\n<!-- \/ Yoast SEO plugin. -->","yoast_head_json":{"title":"L'infolettre Cora &#8211; Cora D\u00e9jeuners et d\u00eeners","description":"Restez \u00e0 l'aff\u00fbt des promotions, concours et nouveaut\u00e9s Cora en vous abonnant \u00e0 notre infolettre.","robots":{"index":"index","follow":"follow","max-snippet":"max-snippet:-1","max-image-preview":"max-image-preview:large","max-video-preview":"max-video-preview:-1"},"canonical":"https:\/\/www.chezcora.com\/en\/newsletter\/","og_locale":"en_US","og_type":"article","og_title":"L'infolettre Cora &#8211; Cora D\u00e9jeuners et d\u00eeners","og_description":"Restez \u00e0 l'aff\u00fbt des promotions, concours et nouveaut\u00e9s Cora en vous abonnant \u00e0 notre infolettre.","og_url":"https:\/\/www.chezcora.com\/en\/newsletter\/","og_site_name":"Cora D\u00e9jeuners et d\u00eeners","article_publisher":"https:\/\/www.facebook.com\/corarestaurants","article_modified_time":"2021-12-14T18:24:55+00:00","og_image":[{"width":1920,"height":762,"url":"https:\/\/e3b2rn3eqfa.exactdn.com\/wp-content\/uploads\/2021\/11\/cora-infolettre.jpg?strip=all&lossy=0&ssl=1","type":"image\/jpeg"}],"twitter_card":"summary_large_image","twitter_site":"@CoraRestaurants","twitter_misc":{"Est. reading time":"1 minute"},"schema":{"@context":"https:\/\/schema.org","@graph":[{"@type":"WebPage","@id":"https:\/\/www.chezcora.com\/infolettre\/","url":"https:\/\/www.chezcora.com\/infolettre\/","name":"L'infolettre Cora &#8211; Cora D\u00e9jeuners et d\u00eeners","isPartOf":{"@id":"https:\/\/www.chezcora.com\/#website"},"primaryImageOfPage":{"@id":"https:\/\/www.chezcora.com\/infolettre\/#primaryimage"},"image":{"@id":"https:\/\/www.chezcora.com\/infolettre\/#primaryimage"},"thumbnailUrl":"https:\/\/e3b2rn3eqfa.exactdn.com\/wp-content\/uploads\/2021\/11\/cora-infolettre.jpg?strip=all","datePublished":"2021-07-28T17:24:58+00:00","dateModified":"2021-12-14T18:24:55+00:00","description":"Restez \u00e0 l'aff\u00fbt des promotions, concours et nouveaut\u00e9s Cora en vous abonnant \u00e0 notre infolettre.","inLanguage":"en-CA","potentialAction":[{"@type":"ReadAction","target":["https:\/\/www.chezcora.com\/infolettre\/"]}]},{"@type":"ImageObject","inLanguage":"en-CA","@id":"https:\/\/www.chezcora.com\/infolettre\/#primaryimage","url":"https:\/\/e3b2rn3eqfa.exactdn.com\/wp-content\/uploads\/2021\/11\/cora-infolettre.jpg?strip=all","contentUrl":"https:\/\/e3b2rn3eqfa.exactdn.com\/wp-content\/uploads\/2021\/11\/cora-infolettre.jpg?strip=all","width":1920,"height":762},{"@type":"WebSite","@id":"https:\/\/www.chezcora.com\/#website","url":"https:\/\/www.chezcora.com\/","name":"Cora Breakfast and Lunch","description":"D\u00e9jeuners spectaculaires livr\u00e9s \u00e0 votre domicile","potentialAction":[{"@type":"SearchAction","target":{"@type":"EntryPoint","urlTemplate":"https:\/\/www.chezcora.com\/?s={search_term_string}"},"query-input":{"@type":"PropertyValueSpecification","valueRequired":true,"valueName":"search_term_string"}}],"inLanguage":"en-CA"}]}},"_links":{"self":[{"href":"https:\/\/www.chezcora.com\/en\/wp-json\/wp\/v2\/pages\/71","targetHints":{"allow":["GET"]}}],"collection":[{"href":"https:\/\/www.chezcora.com\/en\/wp-json\/wp\/v2\/pages"}],"about":[{"href":"https:\/\/www.chezcora.com\/en\/wp-json\/wp\/v2\/types\/page"}],"author":[{"embeddable":true,"href":"https:\/\/www.chezcora.com\/en\/wp-json\/wp\/v2\/users\/1"}],"replies":[{"embeddable":true,"href":"https:\/\/www.chezcora.com\/en\/wp-json\/wp\/v2\/comments?post=71"}],"version-history":[{"count":0,"href":"https:\/\/www.chezcora.com\/en\/wp-json\/wp\/v2\/pages\/71\/revisions"}],"wp:featuredmedia":[{"embeddable":true,"href":"https:\/\/www.chezcora.com\/en\/wp-json\/wp\/v2\/media\/1335"}],"wp:attachment":[{"href":"https:\/\/www.chezcora.com\/en\/wp-json\/wp\/v2\/media?parent=71"}],"curies":[{"name":"wp","href":"https:\/\/api.w.org\/{rel}","templated":true}]}}