{"id":73,"date":"2021-07-28T13:25:12","date_gmt":"2021-07-28T17:25:12","guid":{"rendered":"https:\/\/www-new2022.chezcora.com\/?page_id=73"},"modified":"2022-01-26T11:54:48","modified_gmt":"2022-01-26T16:54:48","slug":"contact-us","status":"publish","type":"page","link":"https:\/\/www.chezcora.com\/en\/nous-joindre\/","title":{"rendered":"Contact us"},"content":{"rendered":"","protected":false},"excerpt":{"rendered":"","protected":false},"author":1,"featured_media":1773,"parent":0,"menu_order":0,"comment_status":"closed","ping_status":"closed","template":"","meta":{"_acf_changed":false,"footnotes":""},"class_list":["post-73","page","type-page","status-publish","has-post-thumbnail","hentry"],"acf":[],"yoast_head":"<!-- This site is optimized with the Yoast SEO plugin v27.4 - https:\/\/yoast.com\/product\/yoast-seo-wordpress\/ -->\n<title>Nous joindre &#8211; Cora D\u00e9jeuners et d\u00eeners<\/title>\n<meta name=\"description\" content=\"Vous avez des questions? Contactez notre service \u00e0 la client\u00e8le par t\u00e9l\u00e9phone ou remplissez le formulaire. Nous vous r\u00e9pondrons avec plaisir le plus rapidement possible.\" \/>\n<meta name=\"robots\" content=\"index, follow, max-snippet:-1, max-image-preview:large, max-video-preview:-1\" \/>\n<link rel=\"canonical\" href=\"https:\/\/www.chezcora.com\/en\/contact-us\/\" \/>\n<meta property=\"og:locale\" content=\"en_US\" \/>\n<meta property=\"og:type\" content=\"article\" \/>\n<meta property=\"og:title\" content=\"Nous joindre &#8211; Cora D\u00e9jeuners et d\u00eeners\" \/>\n<meta property=\"og:description\" content=\"Vous avez des questions? Contactez notre service \u00e0 la client\u00e8le par t\u00e9l\u00e9phone ou remplissez le formulaire. Nous vous r\u00e9pondrons avec plaisir le plus rapidement possible.\" \/>\n<meta property=\"og:url\" content=\"https:\/\/www.chezcora.com\/en\/contact-us\/\" \/>\n<meta property=\"og:site_name\" content=\"Cora D\u00e9jeuners et d\u00eeners\" \/>\n<meta property=\"article:publisher\" content=\"https:\/\/www.facebook.com\/corarestaurants\" \/>\n<meta property=\"article:modified_time\" content=\"2022-01-26T16:54:48+00:00\" \/>\n<meta property=\"og:image\" content=\"https:\/\/eoixnaqiwsa.exactdn.com\/wp-content\/uploads\/2021\/12\/cora-nous-joindre-entete.jpg?strip=all&lossy=0&ssl=1\" \/>\n\t<meta property=\"og:image:width\" content=\"1920\" \/>\n\t<meta property=\"og:image:height\" content=\"1080\" \/>\n\t<meta property=\"og:image:type\" content=\"image\/jpeg\" \/>\n<meta name=\"twitter:card\" content=\"summary_large_image\" \/>\n<meta name=\"twitter:site\" content=\"@CoraRestaurants\" \/>\n<script type=\"application\/ld+json\" class=\"yoast-schema-graph\">{\"@context\":\"https:\\\/\\\/schema.org\",\"@graph\":[{\"@type\":\"WebPage\",\"@id\":\"https:\\\/\\\/www.chezcora.com\\\/nous-joindre\\\/\",\"url\":\"https:\\\/\\\/www.chezcora.com\\\/nous-joindre\\\/\",\"name\":\"Nous joindre &#8211; Cora D\u00e9jeuners et d\u00eeners\",\"isPartOf\":{\"@id\":\"https:\\\/\\\/www.chezcora.com\\\/#website\"},\"primaryImageOfPage\":{\"@id\":\"https:\\\/\\\/www.chezcora.com\\\/nous-joindre\\\/#primaryimage\"},\"image\":{\"@id\":\"https:\\\/\\\/www.chezcora.com\\\/nous-joindre\\\/#primaryimage\"},\"thumbnailUrl\":\"https:\\\/\\\/e3b2rn3eqfa.exactdn.com\\\/wp-content\\\/uploads\\\/2021\\\/12\\\/cora-nous-joindre-entete.jpg?strip=all\",\"datePublished\":\"2021-07-28T17:25:12+00:00\",\"dateModified\":\"2022-01-26T16:54:48+00:00\",\"description\":\"Vous avez des questions? Contactez notre service \u00e0 la client\u00e8le par t\u00e9l\u00e9phone ou remplissez le formulaire. Nous vous r\u00e9pondrons avec plaisir le plus rapidement possible.\",\"inLanguage\":\"en-CA\",\"potentialAction\":[{\"@type\":\"ReadAction\",\"target\":[\"https:\\\/\\\/www.chezcora.com\\\/nous-joindre\\\/\"]}]},{\"@type\":\"ImageObject\",\"inLanguage\":\"en-CA\",\"@id\":\"https:\\\/\\\/www.chezcora.com\\\/nous-joindre\\\/#primaryimage\",\"url\":\"https:\\\/\\\/e3b2rn3eqfa.exactdn.com\\\/wp-content\\\/uploads\\\/2021\\\/12\\\/cora-nous-joindre-entete.jpg?strip=all\",\"contentUrl\":\"https:\\\/\\\/e3b2rn3eqfa.exactdn.com\\\/wp-content\\\/uploads\\\/2021\\\/12\\\/cora-nous-joindre-entete.jpg?strip=all\",\"width\":1920,\"height\":1080},{\"@type\":\"WebSite\",\"@id\":\"https:\\\/\\\/www.chezcora.com\\\/#website\",\"url\":\"https:\\\/\\\/www.chezcora.com\\\/\",\"name\":\"Cora D\u00e9jeuners et d\u00eeners\",\"description\":\"D\u00e9jeuners spectaculaires livr\u00e9s \u00e0 votre domicile\",\"potentialAction\":[{\"@type\":\"SearchAction\",\"target\":{\"@type\":\"EntryPoint\",\"urlTemplate\":\"https:\\\/\\\/www.chezcora.com\\\/?s={search_term_string}\"},\"query-input\":{\"@type\":\"PropertyValueSpecification\",\"valueRequired\":true,\"valueName\":\"search_term_string\"}}],\"inLanguage\":\"en-CA\"}]}<\/script>\n<!-- \/ Yoast SEO plugin. -->","yoast_head_json":{"title":"Nous joindre &#8211; Cora D\u00e9jeuners et d\u00eeners","description":"Do you have any questions? Contact our customer service centre by phone or fill out the form. We will be happy to assist you as soon as possible.","robots":{"index":"index","follow":"follow","max-snippet":"max-snippet:-1","max-image-preview":"max-image-preview:large","max-video-preview":"max-video-preview:-1"},"canonical":"https:\/\/www.chezcora.com\/en\/contact-us\/","og_locale":"en_US","og_type":"article","og_title":"Nous joindre &#8211; Cora D\u00e9jeuners et d\u00eeners","og_description":"Vous avez des questions? Contactez notre service \u00e0 la client\u00e8le par t\u00e9l\u00e9phone ou remplissez le formulaire. Nous vous r\u00e9pondrons avec plaisir le plus rapidement possible.","og_url":"https:\/\/www.chezcora.com\/en\/contact-us\/","og_site_name":"Cora D\u00e9jeuners et d\u00eeners","article_publisher":"https:\/\/www.facebook.com\/corarestaurants","article_modified_time":"2022-01-26T16:54:48+00:00","og_image":[{"width":1920,"height":1080,"url":"https:\/\/eoixnaqiwsa.exactdn.com\/wp-content\/uploads\/2021\/12\/cora-nous-joindre-entete.jpg?strip=all&lossy=0&ssl=1","type":"image\/jpeg"}],"twitter_card":"summary_large_image","twitter_site":"@CoraRestaurants","schema":{"@context":"https:\/\/schema.org","@graph":[{"@type":"WebPage","@id":"https:\/\/www.chezcora.com\/nous-joindre\/","url":"https:\/\/www.chezcora.com\/nous-joindre\/","name":"Nous joindre &#8211; Cora D\u00e9jeuners et d\u00eeners","isPartOf":{"@id":"https:\/\/www.chezcora.com\/#website"},"primaryImageOfPage":{"@id":"https:\/\/www.chezcora.com\/nous-joindre\/#primaryimage"},"image":{"@id":"https:\/\/www.chezcora.com\/nous-joindre\/#primaryimage"},"thumbnailUrl":"https:\/\/e3b2rn3eqfa.exactdn.com\/wp-content\/uploads\/2021\/12\/cora-nous-joindre-entete.jpg?strip=all","datePublished":"2021-07-28T17:25:12+00:00","dateModified":"2022-01-26T16:54:48+00:00","description":"Do you have any questions? Contact our customer service centre by phone or fill out the form. We will be happy to assist you as soon as possible.","inLanguage":"en-CA","potentialAction":[{"@type":"ReadAction","target":["https:\/\/www.chezcora.com\/nous-joindre\/"]}]},{"@type":"ImageObject","inLanguage":"en-CA","@id":"https:\/\/www.chezcora.com\/nous-joindre\/#primaryimage","url":"https:\/\/e3b2rn3eqfa.exactdn.com\/wp-content\/uploads\/2021\/12\/cora-nous-joindre-entete.jpg?strip=all","contentUrl":"https:\/\/e3b2rn3eqfa.exactdn.com\/wp-content\/uploads\/2021\/12\/cora-nous-joindre-entete.jpg?strip=all","width":1920,"height":1080},{"@type":"WebSite","@id":"https:\/\/www.chezcora.com\/#website","url":"https:\/\/www.chezcora.com\/","name":"Cora Breakfast and Lunch","description":"D\u00e9jeuners spectaculaires livr\u00e9s \u00e0 votre domicile","potentialAction":[{"@type":"SearchAction","target":{"@type":"EntryPoint","urlTemplate":"https:\/\/www.chezcora.com\/?s={search_term_string}"},"query-input":{"@type":"PropertyValueSpecification","valueRequired":true,"valueName":"search_term_string"}}],"inLanguage":"en-CA"}]}},"_links":{"self":[{"href":"https:\/\/www.chezcora.com\/en\/wp-json\/wp\/v2\/pages\/73","targetHints":{"allow":["GET"]}}],"collection":[{"href":"https:\/\/www.chezcora.com\/en\/wp-json\/wp\/v2\/pages"}],"about":[{"href":"https:\/\/www.chezcora.com\/en\/wp-json\/wp\/v2\/types\/page"}],"author":[{"embeddable":true,"href":"https:\/\/www.chezcora.com\/en\/wp-json\/wp\/v2\/users\/1"}],"replies":[{"embeddable":true,"href":"https:\/\/www.chezcora.com\/en\/wp-json\/wp\/v2\/comments?post=73"}],"version-history":[{"count":0,"href":"https:\/\/www.chezcora.com\/en\/wp-json\/wp\/v2\/pages\/73\/revisions"}],"wp:featuredmedia":[{"embeddable":true,"href":"https:\/\/www.chezcora.com\/en\/wp-json\/wp\/v2\/media\/1773"}],"wp:attachment":[{"href":"https:\/\/www.chezcora.com\/en\/wp-json\/wp\/v2\/media?parent=73"}],"curies":[{"name":"wp","href":"https:\/\/api.w.org\/{rel}","templated":true}]}}